{"id":36,"date":"2020-06-07T22:41:22","date_gmt":"2020-06-07T20:41:22","guid":{"rendered":"http:\/\/www.sciglianoinfissi.it\/?page_id=36"},"modified":"2020-11-05T18:54:01","modified_gmt":"2020-11-05T17:54:01","slug":"prodotti","status":"publish","type":"page","link":"http:\/\/www.sciglianoinfissi.it\/index.php\/prodotti\/","title":{"rendered":"Prodotti"},"content":{"rendered":"<div  id=\"accordion_slider_1\"  class='aviaccordion aviaccordion-title-active  ' style='max-height:684px' data-av-maxheight='684' data-autoplay='false' data-interval='5'   itemscope=\"itemscope\" itemtype=\"https:\/\/schema.org\/Blog\" ><ul class='aviaccordion-inner'><li class='aviaccordion-slide aviaccordion-slide-1' style='left:0%' data-av-left='0'  itemscope=\"itemscope\" itemtype=\"https:\/\/schema.org\/CreativeWork\" ><a class='aviaccordion-slide-link noHover' href=\"http:\/\/www.sciglianoinfissi.it\/index.php\/prodotti\/serramenti-su-misura-certificati\/\"  ><div class='aviaccordion-preview av-accordion-text-center' style='width:25.1%'><div class='aviaccordion-preview-title-pos'><div class='aviaccordion-preview-title-wrap'><div class='aviaccordion-preview-title'><h3 class='aviaccordion-title  '  itemprop=\"headline\"  >Serramenti<\/h3><\/div><\/div><\/div><\/div><img width=\"845\" height=\"684\" src=\"http:\/\/www.sciglianoinfissi.it\/wp-content\/uploads\/2020\/06\/Alzanti-Bilici-infissi-14-845x684.jpg\" class=\"avia-img-lazy-loading-not-412 aviaccordion-image\" alt=\"\" srcset=\"http:\/\/www.sciglianoinfissi.it\/wp-content\/uploads\/2020\/06\/Alzanti-Bilici-infissi-14-845x684.jpg 845w, http:\/\/www.sciglianoinfissi.it\/wp-content\/uploads\/2020\/06\/Alzanti-Bilici-infissi-14-495x400.jpg 495w\" sizes=\"(max-width: 845px) 100vw, 845px\" \/><\/a><\/li><li class='aviaccordion-slide aviaccordion-slide-2' style='left:25%' data-av-left='25'  itemscope=\"itemscope\" itemtype=\"https:\/\/schema.org\/CreativeWork\" ><a class='aviaccordion-slide-link noHover' href=\"http:\/\/www.sciglianoinfissi.it\/index.php\/prodotti\/oscuranti\/\"  ><div class='aviaccordion-preview av-accordion-text-center' style='width:25.1%'><div class='aviaccordion-preview-title-pos'><div class='aviaccordion-preview-title-wrap'><div class='aviaccordion-preview-title'><h3 class='aviaccordion-title  '  itemprop=\"headline\"  >Oscuranti<\/h3><\/div><\/div><\/div><\/div><img width=\"700\" height=\"369\" src=\"http:\/\/www.sciglianoinfissi.it\/wp-content\/uploads\/2020\/06\/avvolgibile-5-1.jpg\" class=\"avia-img-lazy-loading-not-472 aviaccordion-image\" alt=\"\" srcset=\"http:\/\/www.sciglianoinfissi.it\/wp-content\/uploads\/2020\/06\/avvolgibile-5-1.jpg 700w, http:\/\/www.sciglianoinfissi.it\/wp-content\/uploads\/2020\/06\/avvolgibile-5-1-300x158.jpg 300w\" sizes=\"(max-width: 700px) 100vw, 700px\" \/><\/a><\/li><li class='aviaccordion-slide aviaccordion-slide-3' style='left:50%' data-av-left='50'  itemscope=\"itemscope\" itemtype=\"https:\/\/schema.org\/CreativeWork\" ><a class='aviaccordion-slide-link noHover' href=\"http:\/\/www.sciglianoinfissi.it\/index.php\/prodotti\/portoncini\/\"  ><div class='aviaccordion-preview av-accordion-text-center' style='width:25.1%'><div class='aviaccordion-preview-title-pos'><div class='aviaccordion-preview-title-wrap'><div class='aviaccordion-preview-title'><h3 class='aviaccordion-title  '  itemprop=\"headline\"  >Portoncini<\/h3><\/div><\/div><\/div><\/div><img width=\"845\" height=\"684\" src=\"http:\/\/www.sciglianoinfissi.it\/wp-content\/uploads\/2020\/08\/portoncini-legno-scigliano-infissi_taglio-845x684.jpg\" class=\"avia-img-lazy-loading-not-1240 aviaccordion-image\" alt=\"portoni legno scigliano infissi\" srcset=\"http:\/\/www.sciglianoinfissi.it\/wp-content\/uploads\/2020\/08\/portoncini-legno-scigliano-infissi_taglio-845x684.jpg 845w, http:\/\/www.sciglianoinfissi.it\/wp-content\/uploads\/2020\/08\/portoncini-legno-scigliano-infissi_taglio-495x400.jpg 495w\" sizes=\"(max-width: 845px) 100vw, 845px\" \/><\/a><\/li><li class='aviaccordion-slide aviaccordion-slide-4' style='left:75%' data-av-left='75'  itemscope=\"itemscope\" itemtype=\"https:\/\/schema.org\/CreativeWork\" ><a class='aviaccordion-slide-link noHover' href=\"http:\/\/www.sciglianoinfissi.it\/index.php\/prodotti\/porte-interne\/\"  ><div class='aviaccordion-preview av-accordion-text-center' style='width:25.1%'><div class='aviaccordion-preview-title-pos'><div class='aviaccordion-preview-title-wrap'><div class='aviaccordion-preview-title'><h3 class='aviaccordion-title  '  itemprop=\"headline\"  >Porte interne<\/h3><\/div><\/div><\/div><\/div><img width=\"845\" height=\"684\" src=\"http:\/\/www.sciglianoinfissi.it\/wp-content\/uploads\/2020\/06\/porte-interne-7-845x684.jpg\" class=\"avia-img-lazy-loading-not-495 aviaccordion-image\" alt=\"Porte in legno\" srcset=\"http:\/\/www.sciglianoinfissi.it\/wp-content\/uploads\/2020\/06\/porte-interne-7-845x684.jpg 845w, http:\/\/www.sciglianoinfissi.it\/wp-content\/uploads\/2020\/06\/porte-interne-7-495x400.jpg 495w\" sizes=\"(max-width: 845px) 100vw, 845px\" \/><\/a><\/li><\/ul><div class='aviaccordion-spacer' style='padding-bottom:80.94674556213%'><\/div><\/div>\n\n<style type=\"text\/css\" data-created_by=\"avia_inline_auto\" id=\"style-css-av-3p4mc-af4f6c58692378a598d8d78db4b835ea\">\n.flex_column.av-3p4mc-af4f6c58692378a598d8d78db4b835ea{\nborder-radius:0px 0px 0px 0px;\n-webkit-border-radius:0px 0px 0px 0px;\n-moz-border-radius:0px 0px 0px 0px;\n}\n<\/style>\n<div class='flex_column av-3p4mc-af4f6c58692378a598d8d78db4b835ea av_one_full  avia-builder-el-1  el_after_av_slideshow_accordion  avia-builder-el-no-sibling  first flex_column_div av-zero-column-padding '   ><section class=\"av_textblock_section \"  itemscope=\"itemscope\" itemtype=\"https:\/\/schema.org\/CreativeWork\" ><div class='avia_textblock  '   itemprop=\"text\" ><h1 style=\"text-align: center;\">Prodotti di qualit\u00e0<\/h1>\n<p style=\"text-align: center;\">La vasta gamma di prodotti che offre l\u2019<a href=\"http:\/\/www.sciglianoinfissi.it\/index.php\/azienda\/\">azienda<\/a> \u00e8 sinonimo di ricerca <a href=\"http:\/\/www.sciglianoinfissi.it\/index.php\/azienda\/ambiente-e-tecnologia\/\">tecnologica<\/a>, <a href=\"http:\/\/www.sciglianoinfissi.it\/index.php\/azienda\/certificazioni\/\">alte prestazioni<\/a>, stile e accuratezza dei particolari.<\/p>\n<p style=\"text-align: center;\">Il cliente pi\u00f9 esigente trova la soluzione congeniale alle proprie richieste in piena soddisfazione. La nostra flessibilit\u00e0, disponibilit\u00e0 e competenza ci permettono di dar vita a ogni tipo di <a href=\"http:\/\/www.sciglianoinfissi.it\/index.php\/prodotti\/serramenti\/\">infisso<\/a>.<\/p>\n<\/div><\/section><\/div>\n","protected":false},"excerpt":{"rendered":"","protected":false},"author":1,"featured_media":0,"parent":0,"menu_order":3,"comment_status":"closed","ping_status":"closed","template":"","meta":[],"yoast_head":"<!-- This site is optimized with the Yoast SEO plugin v17.0 - https:\/\/yoast.com\/wordpress\/plugins\/seo\/ -->\r\n<title>Prodotti &ndash; Scigliano Infissi<\/title>\r\n<meta name=\"description\" content=\"Prodotti di qualit\u00e0. La vasta gamma di prodotti che offre l\u2019azienda \u00e8 sinonimo di ricerca tecnologica, alte prestazioni, stile e accuratezza dei particolari. Il cliente pi\u00f9 esigente trova la soluzione congeniale alle proprie richieste in piena soddisfazione. La nostra flessibilit\u00e0, disponibilit\u00e0 e competenza ci permettono di dar vita a ogni tipo di infisso.\" \/>\r\n<meta name=\"robots\" content=\"index, follow, max-snippet:-1, max-image-preview:large, max-video-preview:-1\" \/>\r\n<link rel=\"canonical\" href=\"https:\/\/www.sciglianoinfissi.it\/index.php\/prodotti\/\" \/>\r\n<meta property=\"og:locale\" content=\"it_IT\" \/>\r\n<meta property=\"og:type\" content=\"article\" \/>\r\n<meta property=\"og:title\" content=\"Prodotti\" \/>\r\n<meta property=\"og:description\" content=\"Prodotti di qualit\u00e0. La vasta gamma di prodotti che offre l\u2019azienda \u00e8 sinonimo di ricerca tecnologica, alte prestazioni, stile e accuratezza dei particolari.Il cliente pi\u00f9 esigente trova la soluzione congeniale alle proprie richieste in piena soddisfazione. La nostra flessibilit\u00e0, disponibilit\u00e0 e competenza ci permettono di dar vita a ogni tipo di infisso.\" \/>\r\n<meta property=\"og:url\" content=\"https:\/\/www.sciglianoinfissi.it\/index.php\/prodotti\/\" \/>\r\n<meta property=\"og:site_name\" content=\"Scigliano Infissi\" \/>\r\n<meta property=\"article:publisher\" content=\"https:\/\/www.facebook.com\/sciglianoinfissi\" \/>\r\n<meta property=\"article:modified_time\" content=\"2020-11-05T17:54:01+00:00\" \/>\r\n<meta name=\"twitter:card\" content=\"summary_large_image\" \/>\r\n<meta name=\"twitter:title\" content=\"Prodotti\" \/>\r\n<meta name=\"twitter:description\" content=\"Prodotti di qualit\u00e0. La vasta gamma di prodotti che offre l\u2019azienda \u00e8 sinonimo di ricerca tecnologica, alte prestazioni, stile e accuratezza dei particolari.Il cliente pi\u00f9 esigente trova la soluzione congeniale alle proprie richieste in piena soddisfazione. La nostra flessibilit\u00e0, disponibilit\u00e0 e competenza ci permettono di dar vita a ogni tipo di infisso.\" \/>\r\n<meta name=\"twitter:label1\" content=\"Tempo di lettura stimato\" \/>\n\t<meta name=\"twitter:data1\" content=\"2 minuti\" \/>\r\n<script type=\"application\/ld+json\" class=\"yoast-schema-graph\">{\"@context\":\"https:\/\/schema.org\",\"@graph\":[{\"@type\":\"Organization\",\"@id\":\"https:\/\/www.sciglianoinfissi.it\/#organization\",\"name\":\"Scigliano Infissi\",\"url\":\"https:\/\/www.sciglianoinfissi.it\/\",\"sameAs\":[\"https:\/\/www.facebook.com\/sciglianoinfissi\",\"https:\/\/www.instagram.com\/scigliano_infissi\/\"],\"logo\":{\"@type\":\"ImageObject\",\"@id\":\"https:\/\/www.sciglianoinfissi.it\/#logo\",\"inLanguage\":\"it-IT\",\"url\":\"https:\/\/www.sciglianoinfissi.it\/wp-content\/uploads\/2020\/06\/scigliano-infissi_logo.png\",\"contentUrl\":\"https:\/\/www.sciglianoinfissi.it\/wp-content\/uploads\/2020\/06\/scigliano-infissi_logo.png\",\"width\":340,\"height\":77,\"caption\":\"Scigliano Infissi\"},\"image\":{\"@id\":\"https:\/\/www.sciglianoinfissi.it\/#logo\"}},{\"@type\":\"WebSite\",\"@id\":\"https:\/\/www.sciglianoinfissi.it\/#website\",\"url\":\"https:\/\/www.sciglianoinfissi.it\/\",\"name\":\"Scigliano Infissi\",\"description\":\"Infissi italiani di qualit\\u00e0\",\"publisher\":{\"@id\":\"https:\/\/www.sciglianoinfissi.it\/#organization\"},\"potentialAction\":[{\"@type\":\"SearchAction\",\"target\":{\"@type\":\"EntryPoint\",\"urlTemplate\":\"https:\/\/www.sciglianoinfissi.it\/?s={search_term_string}\"},\"query-input\":\"required name=search_term_string\"}],\"inLanguage\":\"it-IT\"},{\"@type\":\"WebPage\",\"@id\":\"https:\/\/www.sciglianoinfissi.it\/index.php\/prodotti\/#webpage\",\"url\":\"https:\/\/www.sciglianoinfissi.it\/index.php\/prodotti\/\",\"name\":\"Prodotti &ndash; Scigliano Infissi\",\"isPartOf\":{\"@id\":\"https:\/\/www.sciglianoinfissi.it\/#website\"},\"datePublished\":\"2020-06-07T20:41:22+00:00\",\"dateModified\":\"2020-11-05T17:54:01+00:00\",\"description\":\"Prodotti di qualit\\u00e0. La vasta gamma di prodotti che offre l\\u2019azienda \\u00e8 sinonimo di ricerca tecnologica, alte prestazioni, stile e accuratezza dei particolari. Il cliente pi\\u00f9 esigente trova la soluzione congeniale alle proprie richieste in piena soddisfazione. La nostra flessibilit\\u00e0, disponibilit\\u00e0 e competenza ci permettono di dar vita a ogni tipo di infisso.\",\"breadcrumb\":{\"@id\":\"https:\/\/www.sciglianoinfissi.it\/index.php\/prodotti\/#breadcrumb\"},\"inLanguage\":\"it-IT\",\"potentialAction\":[{\"@type\":\"ReadAction\",\"target\":[\"https:\/\/www.sciglianoinfissi.it\/index.php\/prodotti\/\"]}]},{\"@type\":\"BreadcrumbList\",\"@id\":\"https:\/\/www.sciglianoinfissi.it\/index.php\/prodotti\/#breadcrumb\",\"itemListElement\":[{\"@type\":\"ListItem\",\"position\":1,\"name\":\"Home\",\"item\":\"https:\/\/www.sciglianoinfissi.it\/\"},{\"@type\":\"ListItem\",\"position\":2,\"name\":\"Prodotti\"}]}]}<\/script>\r\n<!-- \/ Yoast SEO plugin. -->","yoast_head_json":{"title":"Prodotti &ndash; Scigliano Infissi","description":"Prodotti di qualit\u00e0. La vasta gamma di prodotti che offre l\u2019azienda \u00e8 sinonimo di ricerca tecnologica, alte prestazioni, stile e accuratezza dei particolari. Il cliente pi\u00f9 esigente trova la soluzione congeniale alle proprie richieste in piena soddisfazione. La nostra flessibilit\u00e0, disponibilit\u00e0 e competenza ci permettono di dar vita a ogni tipo di infisso.","robots":{"index":"index","follow":"follow","max-snippet":"max-snippet:-1","max-image-preview":"max-image-preview:large","max-video-preview":"max-video-preview:-1"},"canonical":"https:\/\/www.sciglianoinfissi.it\/index.php\/prodotti\/","og_locale":"it_IT","og_type":"article","og_title":"Prodotti","og_description":"Prodotti di qualit\u00e0. La vasta gamma di prodotti che offre l\u2019azienda \u00e8 sinonimo di ricerca tecnologica, alte prestazioni, stile e accuratezza dei particolari.Il cliente pi\u00f9 esigente trova la soluzione congeniale alle proprie richieste in piena soddisfazione. La nostra flessibilit\u00e0, disponibilit\u00e0 e competenza ci permettono di dar vita a ogni tipo di infisso.","og_url":"https:\/\/www.sciglianoinfissi.it\/index.php\/prodotti\/","og_site_name":"Scigliano Infissi","article_publisher":"https:\/\/www.facebook.com\/sciglianoinfissi","article_modified_time":"2020-11-05T17:54:01+00:00","twitter_card":"summary_large_image","twitter_title":"Prodotti","twitter_description":"Prodotti di qualit\u00e0. La vasta gamma di prodotti che offre l\u2019azienda \u00e8 sinonimo di ricerca tecnologica, alte prestazioni, stile e accuratezza dei particolari.Il cliente pi\u00f9 esigente trova la soluzione congeniale alle proprie richieste in piena soddisfazione. La nostra flessibilit\u00e0, disponibilit\u00e0 e competenza ci permettono di dar vita a ogni tipo di infisso.","twitter_misc":{"Tempo di lettura stimato":"2 minuti"},"schema":{"@context":"https:\/\/schema.org","@graph":[{"@type":"Organization","@id":"https:\/\/www.sciglianoinfissi.it\/#organization","name":"Scigliano Infissi","url":"https:\/\/www.sciglianoinfissi.it\/","sameAs":["https:\/\/www.facebook.com\/sciglianoinfissi","https:\/\/www.instagram.com\/scigliano_infissi\/"],"logo":{"@type":"ImageObject","@id":"https:\/\/www.sciglianoinfissi.it\/#logo","inLanguage":"it-IT","url":"https:\/\/www.sciglianoinfissi.it\/wp-content\/uploads\/2020\/06\/scigliano-infissi_logo.png","contentUrl":"https:\/\/www.sciglianoinfissi.it\/wp-content\/uploads\/2020\/06\/scigliano-infissi_logo.png","width":340,"height":77,"caption":"Scigliano Infissi"},"image":{"@id":"https:\/\/www.sciglianoinfissi.it\/#logo"}},{"@type":"WebSite","@id":"https:\/\/www.sciglianoinfissi.it\/#website","url":"https:\/\/www.sciglianoinfissi.it\/","name":"Scigliano Infissi","description":"Infissi italiani di qualit\u00e0","publisher":{"@id":"https:\/\/www.sciglianoinfissi.it\/#organization"},"potentialAction":[{"@type":"SearchAction","target":{"@type":"EntryPoint","urlTemplate":"https:\/\/www.sciglianoinfissi.it\/?s={search_term_string}"},"query-input":"required name=search_term_string"}],"inLanguage":"it-IT"},{"@type":"WebPage","@id":"https:\/\/www.sciglianoinfissi.it\/index.php\/prodotti\/#webpage","url":"https:\/\/www.sciglianoinfissi.it\/index.php\/prodotti\/","name":"Prodotti &ndash; Scigliano Infissi","isPartOf":{"@id":"https:\/\/www.sciglianoinfissi.it\/#website"},"datePublished":"2020-06-07T20:41:22+00:00","dateModified":"2020-11-05T17:54:01+00:00","description":"Prodotti di qualit\u00e0. La vasta gamma di prodotti che offre l\u2019azienda \u00e8 sinonimo di ricerca tecnologica, alte prestazioni, stile e accuratezza dei particolari. Il cliente pi\u00f9 esigente trova la soluzione congeniale alle proprie richieste in piena soddisfazione. La nostra flessibilit\u00e0, disponibilit\u00e0 e competenza ci permettono di dar vita a ogni tipo di infisso.","breadcrumb":{"@id":"https:\/\/www.sciglianoinfissi.it\/index.php\/prodotti\/#breadcrumb"},"inLanguage":"it-IT","potentialAction":[{"@type":"ReadAction","target":["https:\/\/www.sciglianoinfissi.it\/index.php\/prodotti\/"]}]},{"@type":"BreadcrumbList","@id":"https:\/\/www.sciglianoinfissi.it\/index.php\/prodotti\/#breadcrumb","itemListElement":[{"@type":"ListItem","position":1,"name":"Home","item":"https:\/\/www.sciglianoinfissi.it\/"},{"@type":"ListItem","position":2,"name":"Prodotti"}]}]}},"_links":{"self":[{"href":"http:\/\/www.sciglianoinfissi.it\/index.php\/wp-json\/wp\/v2\/pages\/36"}],"collection":[{"href":"http:\/\/www.sciglianoinfissi.it\/index.php\/wp-json\/wp\/v2\/pages"}],"about":[{"href":"http:\/\/www.sciglianoinfissi.it\/index.php\/wp-json\/wp\/v2\/types\/page"}],"author":[{"embeddable":true,"href":"http:\/\/www.sciglianoinfissi.it\/index.php\/wp-json\/wp\/v2\/users\/1"}],"replies":[{"embeddable":true,"href":"http:\/\/www.sciglianoinfissi.it\/index.php\/wp-json\/wp\/v2\/comments?post=36"}],"version-history":[{"count":30,"href":"http:\/\/www.sciglianoinfissi.it\/index.php\/wp-json\/wp\/v2\/pages\/36\/revisions"}],"predecessor-version":[{"id":1398,"href":"http:\/\/www.sciglianoinfissi.it\/index.php\/wp-json\/wp\/v2\/pages\/36\/revisions\/1398"}],"wp:attachment":[{"href":"http:\/\/www.sciglianoinfissi.it\/index.php\/wp-json\/wp\/v2\/media?parent=36"}],"curies":[{"name":"wp","href":"https:\/\/api.w.org\/{rel}","templated":true}]}}